{"id":1504,"date":"2025-05-09T10:53:00","date_gmt":"2025-05-09T10:53:00","guid":{"rendered":"https:\/\/fincaformet.es\/1504-2\/"},"modified":"2025-05-09T11:00:46","modified_gmt":"2025-05-09T11:00:46","slug":"1504-2","status":"publish","type":"page","link":"https:\/\/fincaformet.es\/fr\/1504-2\/","title":{"rendered":"Finca Formet 3D"},"content":{"rendered":"<p>[et_pb_section fb_built=\u00a0\u00bb1&Prime; _builder_version=\u00a0\u00bb4.27.4&Prime; _module_preset=\u00a0\u00bbdefault\u00a0\u00bb transform_translate=\u00a0\u00bb0px|-91px\u00a0\u00bb transform_translate_linked=\u00a0\u00bboff\u00a0\u00bb custom_margin=\u00a0\u00bb0px||-171px||false|false\u00a0\u00bb custom_padding=\u00a0\u00bb0px||0px||false|false\u00a0\u00bb global_colors_info=\u00a0\u00bb{}\u00a0\u00bb][et_pb_row _builder_version=\u00a0\u00bb4.27.4&Prime; _module_preset=\u00a0\u00bbdefault\u00a0\u00bb width=\u00a0\u00bb100%\u00a0\u00bb max_width=\u00a0\u00bb2560px\u00a0\u00bb custom_margin=\u00a0\u00bb0px||0px||false|false\u00a0\u00bb custom_padding=\u00a0\u00bb0px||0px||false|false\u00a0\u00bb global_colors_info=\u00a0\u00bb{}\u00a0\u00bb][et_pb_column type=\u00a0\u00bb4_4&Prime; _builder_version=\u00a0\u00bb4.27.4&Prime; _module_preset=\u00a0\u00bbdefault\u00a0\u00bb global_colors_info=\u00a0\u00bb{}\u00a0\u00bb][et_pb_code _builder_version=\u00a0\u00bb4.27.4&Prime; _module_preset=\u00a0\u00bbdefault\u00a0\u00bb hover_enabled=\u00a0\u00bb0&Prime; global_colors_info=\u00a0\u00bb{}\u00a0\u00bb sticky_enabled=\u00a0\u00bb0&Prime;]<iframe loading=\"lazy\" src=\"https:\/\/lumalabs.ai\/embed\/08c5166c-ce05-4c8a-b82c-013ec121597b?mode=sparkles&amp;background=%23ffffff&amp;color=%23000000&amp;showTitle=true&amp;loadBg=true&amp;logoPosition=bottom-left&amp;infoPosition=bottom-right&amp;cinematicVideo=undefined&amp;showMenu=false\" width=\"3440\" height=\"780\" frameborder=\"0\" title=\"luma embedded\" style=\"border: none;\"><\/iframe>[\/et_pb_code][\/et_pb_column][\/et_pb_row][\/et_pb_section]<\/p>\n","protected":false},"excerpt":{"rendered":"","protected":false},"author":1,"featured_media":0,"parent":0,"menu_order":0,"comment_status":"closed","ping_status":"closed","template":"","meta":{"_et_pb_use_builder":"on","_et_pb_old_content":"","_et_gb_content_width":"","footnotes":""},"class_list":["post-1504","page","type-page","status-publish","hentry"],"yoast_head":"<!-- This site is optimized with the Yoast SEO plugin v26.6 - https:\/\/yoast.com\/wordpress\/plugins\/seo\/ -->\n<title>Finca Formet 3D - Finca Formet<\/title>\n<meta name=\"robots\" content=\"index, follow, max-snippet:-1, max-image-preview:large, max-video-preview:-1\" \/>\n<link rel=\"canonical\" href=\"https:\/\/fincaformet.es\/fr\/1504-2\/\" \/>\n<meta property=\"og:locale\" content=\"fr_FR\" \/>\n<meta property=\"og:type\" content=\"article\" \/>\n<meta property=\"og:title\" content=\"Finca Formet 3D - Finca Formet\" \/>\n<meta property=\"og:url\" content=\"https:\/\/fincaformet.es\/fr\/1504-2\/\" \/>\n<meta property=\"og:site_name\" content=\"Finca Formet\" \/>\n<meta property=\"article:modified_time\" content=\"2025-05-09T11:00:46+00:00\" \/>\n<meta name=\"twitter:card\" content=\"summary_large_image\" \/>\n<meta name=\"twitter:label1\" content=\"Dur\u00e9e de lecture estim\u00e9e\" \/>\n\t<meta name=\"twitter:data1\" content=\"1 minute\" \/>\n<script type=\"application\/ld+json\" class=\"yoast-schema-graph\">{\"@context\":\"https:\/\/schema.org\",\"@graph\":[{\"@type\":\"WebPage\",\"@id\":\"https:\/\/fincaformet.es\/fr\/1504-2\/\",\"url\":\"https:\/\/fincaformet.es\/fr\/1504-2\/\",\"name\":\"Finca Formet 3D - Finca Formet\",\"isPartOf\":{\"@id\":\"https:\/\/fincaformet.es\/#website\"},\"datePublished\":\"2025-05-09T10:53:00+00:00\",\"dateModified\":\"2025-05-09T11:00:46+00:00\",\"breadcrumb\":{\"@id\":\"https:\/\/fincaformet.es\/fr\/1504-2\/#breadcrumb\"},\"inLanguage\":\"fr-FR\",\"potentialAction\":[{\"@type\":\"ReadAction\",\"target\":[\"https:\/\/fincaformet.es\/fr\/1504-2\/\"]}]},{\"@type\":\"BreadcrumbList\",\"@id\":\"https:\/\/fincaformet.es\/fr\/1504-2\/#breadcrumb\",\"itemListElement\":[{\"@type\":\"ListItem\",\"position\":1,\"name\":\"Portada\",\"item\":\"https:\/\/fincaformet.es\/fr\/presentation\/\"},{\"@type\":\"ListItem\",\"position\":2,\"name\":\"Finca Formet 3D\"}]},{\"@type\":\"WebSite\",\"@id\":\"https:\/\/fincaformet.es\/#website\",\"url\":\"https:\/\/fincaformet.es\/\",\"name\":\"Finca Formet\",\"description\":\"Descubra la serenidad en el coraz\u00f3n de Menorca. Con 175 hect\u00e1reas de naturaleza y tradici\u00f3n, Formet ofrece alojamiento encantador, productos locales como aceite de oliva virgen extra, y un compromiso con la sostenibilidad. Ideal para familias, grupos y empresas, cada visita se convierte en un recuerdo preciado.\",\"publisher\":{\"@id\":\"https:\/\/fincaformet.es\/#organization\"},\"potentialAction\":[{\"@type\":\"SearchAction\",\"target\":{\"@type\":\"EntryPoint\",\"urlTemplate\":\"https:\/\/fincaformet.es\/?s={search_term_string}\"},\"query-input\":{\"@type\":\"PropertyValueSpecification\",\"valueRequired\":true,\"valueName\":\"search_term_string\"}}],\"inLanguage\":\"fr-FR\"},{\"@type\":\"Organization\",\"@id\":\"https:\/\/fincaformet.es\/#organization\",\"name\":\"Finca Formet\",\"url\":\"https:\/\/fincaformet.es\/\",\"logo\":{\"@type\":\"ImageObject\",\"inLanguage\":\"fr-FR\",\"@id\":\"https:\/\/fincaformet.es\/#\/schema\/logo\/image\/\",\"url\":\"https:\/\/fincaformet.es\/wp-content\/uploads\/2024\/07\/cropped-Icono.png\",\"contentUrl\":\"https:\/\/fincaformet.es\/wp-content\/uploads\/2024\/07\/cropped-Icono.png\",\"width\":512,\"height\":512,\"caption\":\"Finca Formet\"},\"image\":{\"@id\":\"https:\/\/fincaformet.es\/#\/schema\/logo\/image\/\"}}]}<\/script>\n<!-- \/ Yoast SEO plugin. -->","yoast_head_json":{"title":"Finca Formet 3D - Finca Formet","robots":{"index":"index","follow":"follow","max-snippet":"max-snippet:-1","max-image-preview":"max-image-preview:large","max-video-preview":"max-video-preview:-1"},"canonical":"https:\/\/fincaformet.es\/fr\/1504-2\/","og_locale":"fr_FR","og_type":"article","og_title":"Finca Formet 3D - Finca Formet","og_url":"https:\/\/fincaformet.es\/fr\/1504-2\/","og_site_name":"Finca Formet","article_modified_time":"2025-05-09T11:00:46+00:00","twitter_card":"summary_large_image","twitter_misc":{"Dur\u00e9e de lecture estim\u00e9e":"1 minute"},"schema":{"@context":"https:\/\/schema.org","@graph":[{"@type":"WebPage","@id":"https:\/\/fincaformet.es\/fr\/1504-2\/","url":"https:\/\/fincaformet.es\/fr\/1504-2\/","name":"Finca Formet 3D - Finca Formet","isPartOf":{"@id":"https:\/\/fincaformet.es\/#website"},"datePublished":"2025-05-09T10:53:00+00:00","dateModified":"2025-05-09T11:00:46+00:00","breadcrumb":{"@id":"https:\/\/fincaformet.es\/fr\/1504-2\/#breadcrumb"},"inLanguage":"fr-FR","potentialAction":[{"@type":"ReadAction","target":["https:\/\/fincaformet.es\/fr\/1504-2\/"]}]},{"@type":"BreadcrumbList","@id":"https:\/\/fincaformet.es\/fr\/1504-2\/#breadcrumb","itemListElement":[{"@type":"ListItem","position":1,"name":"Portada","item":"https:\/\/fincaformet.es\/fr\/presentation\/"},{"@type":"ListItem","position":2,"name":"Finca Formet 3D"}]},{"@type":"WebSite","@id":"https:\/\/fincaformet.es\/#website","url":"https:\/\/fincaformet.es\/","name":"Finca Formet","description":"Descubra la serenidad en el coraz\u00f3n de Menorca. Con 175 hect\u00e1reas de naturaleza y tradici\u00f3n, Formet ofrece alojamiento encantador, productos locales como aceite de oliva virgen extra, y un compromiso con la sostenibilidad. Ideal para familias, grupos y empresas, cada visita se convierte en un recuerdo preciado.","publisher":{"@id":"https:\/\/fincaformet.es\/#organization"},"potentialAction":[{"@type":"SearchAction","target":{"@type":"EntryPoint","urlTemplate":"https:\/\/fincaformet.es\/?s={search_term_string}"},"query-input":{"@type":"PropertyValueSpecification","valueRequired":true,"valueName":"search_term_string"}}],"inLanguage":"fr-FR"},{"@type":"Organization","@id":"https:\/\/fincaformet.es\/#organization","name":"Finca Formet","url":"https:\/\/fincaformet.es\/","logo":{"@type":"ImageObject","inLanguage":"fr-FR","@id":"https:\/\/fincaformet.es\/#\/schema\/logo\/image\/","url":"https:\/\/fincaformet.es\/wp-content\/uploads\/2024\/07\/cropped-Icono.png","contentUrl":"https:\/\/fincaformet.es\/wp-content\/uploads\/2024\/07\/cropped-Icono.png","width":512,"height":512,"caption":"Finca Formet"},"image":{"@id":"https:\/\/fincaformet.es\/#\/schema\/logo\/image\/"}}]}},"_links":{"self":[{"href":"https:\/\/fincaformet.es\/fr\/wp-json\/wp\/v2\/pages\/1504","targetHints":{"allow":["GET"]}}],"collection":[{"href":"https:\/\/fincaformet.es\/fr\/wp-json\/wp\/v2\/pages"}],"about":[{"href":"https:\/\/fincaformet.es\/fr\/wp-json\/wp\/v2\/types\/page"}],"author":[{"embeddable":true,"href":"https:\/\/fincaformet.es\/fr\/wp-json\/wp\/v2\/users\/1"}],"replies":[{"embeddable":true,"href":"https:\/\/fincaformet.es\/fr\/wp-json\/wp\/v2\/comments?post=1504"}],"version-history":[{"count":9,"href":"https:\/\/fincaformet.es\/fr\/wp-json\/wp\/v2\/pages\/1504\/revisions"}],"predecessor-version":[{"id":1529,"href":"https:\/\/fincaformet.es\/fr\/wp-json\/wp\/v2\/pages\/1504\/revisions\/1529"}],"wp:attachment":[{"href":"https:\/\/fincaformet.es\/fr\/wp-json\/wp\/v2\/media?parent=1504"}],"curies":[{"name":"wp","href":"https:\/\/api.w.org\/{rel}","templated":true}]}}