{"id":1262,"date":"2024-04-25T10:41:29","date_gmt":"2024-04-25T10:41:29","guid":{"rendered":"https:\/\/fincaformet.es\/presentation\/"},"modified":"2025-01-28T16:23:18","modified_gmt":"2025-01-28T16:23:18","slug":"presentation","status":"publish","type":"page","link":"https:\/\/fincaformet.es\/fr\/","title":{"rendered":"Pr\u00e9sentation"},"content":{"rendered":"<p>[et_pb_section fb_built=\u00a0\u00bb1&Prime; theme_builder_area=\u00a0\u00bbpost_content\u00a0\u00bb _builder_version=\u00a0\u00bb4.27.0&Prime; _module_preset=\u00a0\u00bbdefault\u00a0\u00bb height=\u00a0\u00bb10px\u00a0\u00bb custom_margin=\u00a0\u00bb-35px||0px||false|false\u00a0\u00bb custom_padding=\u00a0\u00bb0px||0px||false|false\u00a0\u00bb hover_enabled=\u00a0\u00bb0&Prime; sticky_enabled=\u00a0\u00bb0&Prime;][\/et_pb_section]<\/p>\n","protected":false},"excerpt":{"rendered":"","protected":false},"author":2,"featured_media":0,"parent":0,"menu_order":0,"comment_status":"closed","ping_status":"closed","template":"","meta":{"_et_pb_use_builder":"on","_et_pb_old_content":"","_et_gb_content_width":"","footnotes":""},"class_list":["post-1262","page","type-page","status-publish","hentry"],"yoast_head":"<!-- This site is optimized with the Yoast SEO plugin v26.6 - https:\/\/yoast.com\/wordpress\/plugins\/seo\/ -->\n<title>Pr\u00e9sentation - Finca Formet<\/title>\n<meta name=\"robots\" content=\"index, follow, max-snippet:-1, max-image-preview:large, max-video-preview:-1\" \/>\n<link rel=\"canonical\" href=\"https:\/\/fincaformet.es\/fr\/presentation\/\" \/>\n<meta property=\"og:locale\" content=\"fr_FR\" \/>\n<meta property=\"og:type\" content=\"article\" \/>\n<meta property=\"og:title\" content=\"Pr\u00e9sentation - Finca Formet\" \/>\n<meta property=\"og:url\" content=\"https:\/\/fincaformet.es\/fr\/presentation\/\" \/>\n<meta property=\"og:site_name\" content=\"Finca Formet\" \/>\n<meta property=\"article:modified_time\" content=\"2025-01-28T16:23:18+00:00\" \/>\n<meta name=\"twitter:card\" content=\"summary_large_image\" \/>\n<script type=\"application\/ld+json\" class=\"yoast-schema-graph\">{\"@context\":\"https:\/\/schema.org\",\"@graph\":[{\"@type\":\"WebPage\",\"@id\":\"https:\/\/fincaformet.es\/fr\/presentation\/\",\"url\":\"https:\/\/fincaformet.es\/fr\/presentation\/\",\"name\":\"Pr\u00e9sentation - Finca Formet\",\"isPartOf\":{\"@id\":\"https:\/\/fincaformet.es\/#website\"},\"datePublished\":\"2024-04-25T10:41:29+00:00\",\"dateModified\":\"2025-01-28T16:23:18+00:00\",\"breadcrumb\":{\"@id\":\"https:\/\/fincaformet.es\/fr\/presentation\/#breadcrumb\"},\"inLanguage\":\"fr-FR\",\"potentialAction\":[{\"@type\":\"ReadAction\",\"target\":[\"https:\/\/fincaformet.es\/fr\/presentation\/\"]}]},{\"@type\":\"BreadcrumbList\",\"@id\":\"https:\/\/fincaformet.es\/fr\/presentation\/#breadcrumb\",\"itemListElement\":[{\"@type\":\"ListItem\",\"position\":1,\"name\":\"Portada\",\"item\":\"https:\/\/fincaformet.es\/fr\/presentation\/\"},{\"@type\":\"ListItem\",\"position\":2,\"name\":\"Pr\u00e9sentation\"}]},{\"@type\":\"WebSite\",\"@id\":\"https:\/\/fincaformet.es\/#website\",\"url\":\"https:\/\/fincaformet.es\/\",\"name\":\"Finca Formet\",\"description\":\"Descubra la serenidad en el coraz\u00f3n de Menorca. Con 175 hect\u00e1reas de naturaleza y tradici\u00f3n, Formet ofrece alojamiento encantador, productos locales como aceite de oliva virgen extra, y un compromiso con la sostenibilidad. Ideal para familias, grupos y empresas, cada visita se convierte en un recuerdo preciado.\",\"publisher\":{\"@id\":\"https:\/\/fincaformet.es\/#organization\"},\"potentialAction\":[{\"@type\":\"SearchAction\",\"target\":{\"@type\":\"EntryPoint\",\"urlTemplate\":\"https:\/\/fincaformet.es\/?s={search_term_string}\"},\"query-input\":{\"@type\":\"PropertyValueSpecification\",\"valueRequired\":true,\"valueName\":\"search_term_string\"}}],\"inLanguage\":\"fr-FR\"},{\"@type\":\"Organization\",\"@id\":\"https:\/\/fincaformet.es\/#organization\",\"name\":\"Finca Formet\",\"url\":\"https:\/\/fincaformet.es\/\",\"logo\":{\"@type\":\"ImageObject\",\"inLanguage\":\"fr-FR\",\"@id\":\"https:\/\/fincaformet.es\/#\/schema\/logo\/image\/\",\"url\":\"https:\/\/fincaformet.es\/wp-content\/uploads\/2024\/07\/cropped-Icono.png\",\"contentUrl\":\"https:\/\/fincaformet.es\/wp-content\/uploads\/2024\/07\/cropped-Icono.png\",\"width\":512,\"height\":512,\"caption\":\"Finca Formet\"},\"image\":{\"@id\":\"https:\/\/fincaformet.es\/#\/schema\/logo\/image\/\"}}]}<\/script>\n<!-- \/ Yoast SEO plugin. -->","yoast_head_json":{"title":"Pr\u00e9sentation - Finca Formet","robots":{"index":"index","follow":"follow","max-snippet":"max-snippet:-1","max-image-preview":"max-image-preview:large","max-video-preview":"max-video-preview:-1"},"canonical":"https:\/\/fincaformet.es\/fr\/presentation\/","og_locale":"fr_FR","og_type":"article","og_title":"Pr\u00e9sentation - Finca Formet","og_url":"https:\/\/fincaformet.es\/fr\/presentation\/","og_site_name":"Finca Formet","article_modified_time":"2025-01-28T16:23:18+00:00","twitter_card":"summary_large_image","schema":{"@context":"https:\/\/schema.org","@graph":[{"@type":"WebPage","@id":"https:\/\/fincaformet.es\/fr\/presentation\/","url":"https:\/\/fincaformet.es\/fr\/presentation\/","name":"Pr\u00e9sentation - Finca Formet","isPartOf":{"@id":"https:\/\/fincaformet.es\/#website"},"datePublished":"2024-04-25T10:41:29+00:00","dateModified":"2025-01-28T16:23:18+00:00","breadcrumb":{"@id":"https:\/\/fincaformet.es\/fr\/presentation\/#breadcrumb"},"inLanguage":"fr-FR","potentialAction":[{"@type":"ReadAction","target":["https:\/\/fincaformet.es\/fr\/presentation\/"]}]},{"@type":"BreadcrumbList","@id":"https:\/\/fincaformet.es\/fr\/presentation\/#breadcrumb","itemListElement":[{"@type":"ListItem","position":1,"name":"Portada","item":"https:\/\/fincaformet.es\/fr\/presentation\/"},{"@type":"ListItem","position":2,"name":"Pr\u00e9sentation"}]},{"@type":"WebSite","@id":"https:\/\/fincaformet.es\/#website","url":"https:\/\/fincaformet.es\/","name":"Finca Formet","description":"Descubra la serenidad en el coraz\u00f3n de Menorca. Con 175 hect\u00e1reas de naturaleza y tradici\u00f3n, Formet ofrece alojamiento encantador, productos locales como aceite de oliva virgen extra, y un compromiso con la sostenibilidad. Ideal para familias, grupos y empresas, cada visita se convierte en un recuerdo preciado.","publisher":{"@id":"https:\/\/fincaformet.es\/#organization"},"potentialAction":[{"@type":"SearchAction","target":{"@type":"EntryPoint","urlTemplate":"https:\/\/fincaformet.es\/?s={search_term_string}"},"query-input":{"@type":"PropertyValueSpecification","valueRequired":true,"valueName":"search_term_string"}}],"inLanguage":"fr-FR"},{"@type":"Organization","@id":"https:\/\/fincaformet.es\/#organization","name":"Finca Formet","url":"https:\/\/fincaformet.es\/","logo":{"@type":"ImageObject","inLanguage":"fr-FR","@id":"https:\/\/fincaformet.es\/#\/schema\/logo\/image\/","url":"https:\/\/fincaformet.es\/wp-content\/uploads\/2024\/07\/cropped-Icono.png","contentUrl":"https:\/\/fincaformet.es\/wp-content\/uploads\/2024\/07\/cropped-Icono.png","width":512,"height":512,"caption":"Finca Formet"},"image":{"@id":"https:\/\/fincaformet.es\/#\/schema\/logo\/image\/"}}]}},"_links":{"self":[{"href":"https:\/\/fincaformet.es\/fr\/wp-json\/wp\/v2\/pages\/1262","targetHints":{"allow":["GET"]}}],"collection":[{"href":"https:\/\/fincaformet.es\/fr\/wp-json\/wp\/v2\/pages"}],"about":[{"href":"https:\/\/fincaformet.es\/fr\/wp-json\/wp\/v2\/types\/page"}],"author":[{"embeddable":true,"href":"https:\/\/fincaformet.es\/fr\/wp-json\/wp\/v2\/users\/2"}],"replies":[{"embeddable":true,"href":"https:\/\/fincaformet.es\/fr\/wp-json\/wp\/v2\/comments?post=1262"}],"version-history":[{"count":2,"href":"https:\/\/fincaformet.es\/fr\/wp-json\/wp\/v2\/pages\/1262\/revisions"}],"predecessor-version":[{"id":1264,"href":"https:\/\/fincaformet.es\/fr\/wp-json\/wp\/v2\/pages\/1262\/revisions\/1264"}],"wp:attachment":[{"href":"https:\/\/fincaformet.es\/fr\/wp-json\/wp\/v2\/media?parent=1262"}],"curies":[{"name":"wp","href":"https:\/\/api.w.org\/{rel}","templated":true}]}}