{"id":1259,"date":"2024-04-25T10:41:29","date_gmt":"2024-04-25T10:41:29","guid":{"rendered":"https:\/\/fincaformet.es\/presentation\/"},"modified":"2025-01-28T16:47:52","modified_gmt":"2025-01-28T16:47:52","slug":"presentation","status":"publish","type":"page","link":"https:\/\/fincaformet.es\/en\/","title":{"rendered":"Presentation"},"content":{"rendered":"<p>[et_pb_section fb_built=&#8221;1&#8243; theme_builder_area=&#8221;post_content&#8221; _builder_version=&#8221;4.27.0&#8243; _module_preset=&#8221;default&#8221; height=&#8221;10px&#8221; custom_margin=&#8221;-35px||0px||false|false&#8221; custom_padding=&#8221;0px||0px||false|false&#8221; hover_enabled=&#8221;0&#8243; sticky_enabled=&#8221;0&#8243;][\/et_pb_section]<\/p>\n","protected":false},"excerpt":{"rendered":"","protected":false},"author":2,"featured_media":0,"parent":0,"menu_order":0,"comment_status":"closed","ping_status":"closed","template":"","meta":{"_et_pb_use_builder":"on","_et_pb_old_content":"","_et_gb_content_width":"","footnotes":""},"class_list":["post-1259","page","type-page","status-publish","hentry"],"yoast_head":"<!-- This site is optimized with the Yoast SEO plugin v26.6 - https:\/\/yoast.com\/wordpress\/plugins\/seo\/ -->\n<title>Presentation - Finca Formet<\/title>\n<meta name=\"robots\" content=\"index, follow, max-snippet:-1, max-image-preview:large, max-video-preview:-1\" \/>\n<link rel=\"canonical\" href=\"https:\/\/fincaformet.es\/en\/presentation\/\" \/>\n<meta property=\"og:locale\" content=\"en_US\" \/>\n<meta property=\"og:type\" content=\"article\" \/>\n<meta property=\"og:title\" content=\"Presentation - Finca Formet\" \/>\n<meta property=\"og:url\" content=\"https:\/\/fincaformet.es\/en\/presentation\/\" \/>\n<meta property=\"og:site_name\" content=\"Finca Formet\" \/>\n<meta property=\"article:modified_time\" content=\"2025-01-28T16:47:52+00:00\" \/>\n<meta name=\"twitter:card\" content=\"summary_large_image\" \/>\n<script type=\"application\/ld+json\" class=\"yoast-schema-graph\">{\"@context\":\"https:\/\/schema.org\",\"@graph\":[{\"@type\":\"WebPage\",\"@id\":\"https:\/\/fincaformet.es\/en\/presentation\/\",\"url\":\"https:\/\/fincaformet.es\/en\/presentation\/\",\"name\":\"Presentation - Finca Formet\",\"isPartOf\":{\"@id\":\"https:\/\/fincaformet.es\/#website\"},\"datePublished\":\"2024-04-25T10:41:29+00:00\",\"dateModified\":\"2025-01-28T16:47:52+00:00\",\"breadcrumb\":{\"@id\":\"https:\/\/fincaformet.es\/en\/presentation\/#breadcrumb\"},\"inLanguage\":\"en-US\",\"potentialAction\":[{\"@type\":\"ReadAction\",\"target\":[\"https:\/\/fincaformet.es\/en\/presentation\/\"]}]},{\"@type\":\"BreadcrumbList\",\"@id\":\"https:\/\/fincaformet.es\/en\/presentation\/#breadcrumb\",\"itemListElement\":[{\"@type\":\"ListItem\",\"position\":1,\"name\":\"Portada\",\"item\":\"https:\/\/fincaformet.es\/en\/presentation\/\"},{\"@type\":\"ListItem\",\"position\":2,\"name\":\"Presentation\"}]},{\"@type\":\"WebSite\",\"@id\":\"https:\/\/fincaformet.es\/#website\",\"url\":\"https:\/\/fincaformet.es\/\",\"name\":\"Finca Formet\",\"description\":\"Descubra la serenidad en el coraz\u00f3n de Menorca. Con 175 hect\u00e1reas de naturaleza y tradici\u00f3n, Formet ofrece alojamiento encantador, productos locales como aceite de oliva virgen extra, y un compromiso con la sostenibilidad. Ideal para familias, grupos y empresas, cada visita se convierte en un recuerdo preciado.\",\"publisher\":{\"@id\":\"https:\/\/fincaformet.es\/#organization\"},\"potentialAction\":[{\"@type\":\"SearchAction\",\"target\":{\"@type\":\"EntryPoint\",\"urlTemplate\":\"https:\/\/fincaformet.es\/?s={search_term_string}\"},\"query-input\":{\"@type\":\"PropertyValueSpecification\",\"valueRequired\":true,\"valueName\":\"search_term_string\"}}],\"inLanguage\":\"en-US\"},{\"@type\":\"Organization\",\"@id\":\"https:\/\/fincaformet.es\/#organization\",\"name\":\"Finca Formet\",\"url\":\"https:\/\/fincaformet.es\/\",\"logo\":{\"@type\":\"ImageObject\",\"inLanguage\":\"en-US\",\"@id\":\"https:\/\/fincaformet.es\/#\/schema\/logo\/image\/\",\"url\":\"https:\/\/fincaformet.es\/wp-content\/uploads\/2024\/07\/cropped-Icono.png\",\"contentUrl\":\"https:\/\/fincaformet.es\/wp-content\/uploads\/2024\/07\/cropped-Icono.png\",\"width\":512,\"height\":512,\"caption\":\"Finca Formet\"},\"image\":{\"@id\":\"https:\/\/fincaformet.es\/#\/schema\/logo\/image\/\"}}]}<\/script>\n<!-- \/ Yoast SEO plugin. -->","yoast_head_json":{"title":"Presentation - Finca Formet","robots":{"index":"index","follow":"follow","max-snippet":"max-snippet:-1","max-image-preview":"max-image-preview:large","max-video-preview":"max-video-preview:-1"},"canonical":"https:\/\/fincaformet.es\/en\/presentation\/","og_locale":"en_US","og_type":"article","og_title":"Presentation - Finca Formet","og_url":"https:\/\/fincaformet.es\/en\/presentation\/","og_site_name":"Finca Formet","article_modified_time":"2025-01-28T16:47:52+00:00","twitter_card":"summary_large_image","schema":{"@context":"https:\/\/schema.org","@graph":[{"@type":"WebPage","@id":"https:\/\/fincaformet.es\/en\/presentation\/","url":"https:\/\/fincaformet.es\/en\/presentation\/","name":"Presentation - Finca Formet","isPartOf":{"@id":"https:\/\/fincaformet.es\/#website"},"datePublished":"2024-04-25T10:41:29+00:00","dateModified":"2025-01-28T16:47:52+00:00","breadcrumb":{"@id":"https:\/\/fincaformet.es\/en\/presentation\/#breadcrumb"},"inLanguage":"en-US","potentialAction":[{"@type":"ReadAction","target":["https:\/\/fincaformet.es\/en\/presentation\/"]}]},{"@type":"BreadcrumbList","@id":"https:\/\/fincaformet.es\/en\/presentation\/#breadcrumb","itemListElement":[{"@type":"ListItem","position":1,"name":"Portada","item":"https:\/\/fincaformet.es\/en\/presentation\/"},{"@type":"ListItem","position":2,"name":"Presentation"}]},{"@type":"WebSite","@id":"https:\/\/fincaformet.es\/#website","url":"https:\/\/fincaformet.es\/","name":"Finca Formet","description":"Descubra la serenidad en el coraz\u00f3n de Menorca. Con 175 hect\u00e1reas de naturaleza y tradici\u00f3n, Formet ofrece alojamiento encantador, productos locales como aceite de oliva virgen extra, y un compromiso con la sostenibilidad. Ideal para familias, grupos y empresas, cada visita se convierte en un recuerdo preciado.","publisher":{"@id":"https:\/\/fincaformet.es\/#organization"},"potentialAction":[{"@type":"SearchAction","target":{"@type":"EntryPoint","urlTemplate":"https:\/\/fincaformet.es\/?s={search_term_string}"},"query-input":{"@type":"PropertyValueSpecification","valueRequired":true,"valueName":"search_term_string"}}],"inLanguage":"en-US"},{"@type":"Organization","@id":"https:\/\/fincaformet.es\/#organization","name":"Finca Formet","url":"https:\/\/fincaformet.es\/","logo":{"@type":"ImageObject","inLanguage":"en-US","@id":"https:\/\/fincaformet.es\/#\/schema\/logo\/image\/","url":"https:\/\/fincaformet.es\/wp-content\/uploads\/2024\/07\/cropped-Icono.png","contentUrl":"https:\/\/fincaformet.es\/wp-content\/uploads\/2024\/07\/cropped-Icono.png","width":512,"height":512,"caption":"Finca Formet"},"image":{"@id":"https:\/\/fincaformet.es\/#\/schema\/logo\/image\/"}}]}},"_links":{"self":[{"href":"https:\/\/fincaformet.es\/en\/wp-json\/wp\/v2\/pages\/1259","targetHints":{"allow":["GET"]}}],"collection":[{"href":"https:\/\/fincaformet.es\/en\/wp-json\/wp\/v2\/pages"}],"about":[{"href":"https:\/\/fincaformet.es\/en\/wp-json\/wp\/v2\/types\/page"}],"author":[{"embeddable":true,"href":"https:\/\/fincaformet.es\/en\/wp-json\/wp\/v2\/users\/2"}],"replies":[{"embeddable":true,"href":"https:\/\/fincaformet.es\/en\/wp-json\/wp\/v2\/comments?post=1259"}],"version-history":[{"count":4,"href":"https:\/\/fincaformet.es\/en\/wp-json\/wp\/v2\/pages\/1259\/revisions"}],"predecessor-version":[{"id":1338,"href":"https:\/\/fincaformet.es\/en\/wp-json\/wp\/v2\/pages\/1259\/revisions\/1338"}],"wp:attachment":[{"href":"https:\/\/fincaformet.es\/en\/wp-json\/wp\/v2\/media?parent=1259"}],"curies":[{"name":"wp","href":"https:\/\/api.w.org\/{rel}","templated":true}]}}